{"id":101,"date":"2025-01-13T18:35:34","date_gmt":"2025-01-13T18:35:34","guid":{"rendered":"http:\/\/arsteknikyapi.com\/?page_id=101"},"modified":"2025-01-16T17:32:38","modified_gmt":"2025-01-16T17:32:38","slug":"hakkimizda","status":"publish","type":"page","link":"https:\/\/arsteknikyapi.com\/?page_id=101","title":{"rendered":"HAKKIMIZDA"},"content":{"rendered":"\t\t<div data-elementor-type=\"wp-page\" data-elementor-id=\"101\" class=\"elementor elementor-101\">\n\t\t\t\t<div class=\"elementor-element elementor-element-c51f723 e-con-full e-flex e-con e-parent\" data-id=\"c51f723\" data-element_type=\"container\" data-e-type=\"container\">\n\t\t\t\t<div class=\"elementor-element elementor-element-1cfed67 elementor-widget elementor-widget-image\" data-id=\"1cfed67\" data-element_type=\"widget\" data-e-type=\"widget\" data-widget_type=\"image.default\">\n\t\t\t\t<div class=\"elementor-widget-container\">\n\t\t\t\t\t\t\t\t\t\t\t\t\t\t\t<img fetchpriority=\"high\" decoding=\"async\" width=\"740\" height=\"494\" src=\"https:\/\/arsteknikyapi.com\/wp-content\/uploads\/2025\/01\/1637766015dorualnmayangvenliknlemleriantiyealanlarnncangvenliiniriskeatyor2-1.jpg\" class=\"attachment-large size-large wp-image-116\" alt=\"\" srcset=\"https:\/\/arsteknikyapi.com\/wp-content\/uploads\/2025\/01\/1637766015dorualnmayangvenliknlemleriantiyealanlarnncangvenliiniriskeatyor2-1.jpg 780w, https:\/\/arsteknikyapi.com\/wp-content\/uploads\/2025\/01\/1637766015dorualnmayangvenliknlemleriantiyealanlarnncangvenliiniriskeatyor2-1-300x200.jpg 300w, https:\/\/arsteknikyapi.com\/wp-content\/uploads\/2025\/01\/1637766015dorualnmayangvenliknlemleriantiyealanlarnncangvenliiniriskeatyor2-1-768x513.jpg 768w\" sizes=\"100vw\" \/>\t\t\t\t\t\t\t\t\t\t\t\t\t\t\t<\/div>\n\t\t\t\t<\/div>\n\t\t\t\t<div class=\"elementor-element elementor-element-2fc717de elementor-widget elementor-widget-text-editor\" data-id=\"2fc717de\" data-element_type=\"widget\" data-e-type=\"widget\" data-widget_type=\"text-editor.default\">\n\t\t\t\t<div class=\"elementor-widget-container\">\n\t\t\t\t\t\t\t\t\t\n<p><strong>M\u0130SYONUMUZ<\/strong><\/p>\n\n<p>\u015eirketimizin misyonu, y\u00fcksek kaliteli in\u015faat malzemeleri ve yenilik\u00e7i \u00e7\u00f6z\u00fcmler sunarak, m\u00fc\u015fterilerimizin projelerini ba\u015far\u0131yla tamamlamalar\u0131na destek olmakt\u0131r. G\u00fcvenilir tedarik\u00e7i olma hedefiyle, m\u00fc\u015fteri memnuniyetini en \u00fcst d\u00fczeyde tutar\u0131z ve s\u00fcrd\u00fcr\u00fclebilirlik ilkelerini benimseriz.\u00a0<\/p>\n\n<p><strong>V\u0130ZYONUMUZ<\/strong><\/p>\n\n<p>Gelecekte, in\u015faat sekt\u00f6r\u00fcnde lider bir tedarik\u00e7i olmay\u0131 ve yenilik\u00e7i \u00fcr\u00fcnlerimizle sekt\u00f6re y\u00f6n vermeyi hedefliyoruz. Teknoloji ve s\u00fcrd\u00fcr\u00fclebilirlik konular\u0131nda \u00f6nc\u00fc olup, in\u015faat projelerine de\u011fer katmak i\u00e7in s\u00fcrekli geli\u015fmeyi ve b\u00fcy\u00fcmeyi ama\u00e7l\u0131yoruz.\u00a0<\/p>\n\n<p>\u00a0<\/p>\n\t\t\t\t\t\t\t\t<\/div>\n\t\t\t\t<\/div>\n\t\t\t\t<\/div>\n\t\t<div class=\"elementor-element elementor-element-d045916 e-flex e-con-boxed e-con e-parent\" data-id=\"d045916\" data-element_type=\"container\" data-e-type=\"container\">\n\t\t\t\t\t<div class=\"e-con-inner\">\n\t\t\t\t\t<\/div>\n\t\t\t\t<\/div>\n\t\t\t\t<\/div>\n\t\t","protected":false},"excerpt":{"rendered":"<p>M\u0130SYONUMUZ \u015eirketimizin misyonu, y\u00fcksek kaliteli in\u015faat malzemeleri ve yenilik\u00e7i \u00e7\u00f6z\u00fcmler sunarak, m\u00fc\u015fterilerimizin projelerini ba\u015far\u0131yla tamamlamalar\u0131na destek olmakt\u0131r. G\u00fcvenilir tedarik\u00e7i olma hedefiyle, m\u00fc\u015fteri memnuniyetini en \u00fcst d\u00fczeyde tutar\u0131z ve s\u00fcrd\u00fcr\u00fclebilirlik ilkelerini benimseriz.\u00a0 V\u0130ZYONUMUZ Gelecekte, in\u015faat sekt\u00f6r\u00fcnde lider bir tedarik\u00e7i olmay\u0131 ve yenilik\u00e7i \u00fcr\u00fcnlerimizle sekt\u00f6re y\u00f6n vermeyi hedefliyoruz. Teknoloji ve s\u00fcrd\u00fcr\u00fclebilirlik konular\u0131nda \u00f6nc\u00fc olup, in\u015faat projelerine de\u011fer &hellip; <\/p>\n<p class=\"link-more\"><a href=\"https:\/\/arsteknikyapi.com\/?page_id=101\" class=\"more-link\">Okumaya devam et<span class=\"screen-reader-text\"> &#8220;HAKKIMIZDA&#8221;<\/span><\/a><\/p>\n","protected":false},"author":1,"featured_media":0,"parent":0,"menu_order":0,"comment_status":"closed","ping_status":"closed","template":"","meta":{"footnotes":""},"class_list":["post-101","page","type-page","status-publish","hentry"],"_links":{"self":[{"href":"https:\/\/arsteknikyapi.com\/index.php?rest_route=\/wp\/v2\/pages\/101","targetHints":{"allow":["GET"]}}],"collection":[{"href":"https:\/\/arsteknikyapi.com\/index.php?rest_route=\/wp\/v2\/pages"}],"about":[{"href":"https:\/\/arsteknikyapi.com\/index.php?rest_route=\/wp\/v2\/types\/page"}],"author":[{"embeddable":true,"href":"https:\/\/arsteknikyapi.com\/index.php?rest_route=\/wp\/v2\/users\/1"}],"replies":[{"embeddable":true,"href":"https:\/\/arsteknikyapi.com\/index.php?rest_route=%2Fwp%2Fv2%2Fcomments&post=101"}],"version-history":[{"count":4,"href":"https:\/\/arsteknikyapi.com\/index.php?rest_route=\/wp\/v2\/pages\/101\/revisions"}],"predecessor-version":[{"id":344,"href":"https:\/\/arsteknikyapi.com\/index.php?rest_route=\/wp\/v2\/pages\/101\/revisions\/344"}],"wp:attachment":[{"href":"https:\/\/arsteknikyapi.com\/index.php?rest_route=%2Fwp%2Fv2%2Fmedia&parent=101"}],"curies":[{"name":"wp","href":"https:\/\/api.w.org\/{rel}","templated":true}]}}